{"id":3035,"date":"2023-03-15T17:21:27","date_gmt":"2023-03-15T17:21:27","guid":{"rendered":"https:\/\/bitesofprague.com\/why-do-we-do-this\/"},"modified":"2025-01-25T12:48:06","modified_gmt":"2025-01-25T12:48:06","slug":"nas-pribeh","status":"publish","type":"page","link":"https:\/\/www.bitesofprague.com\/cs\/nas-pribeh\/","title":{"rendered":"N\u00e1\u0161 P\u0159\u00edb\u011bh"},"content":{"rendered":"<p>[et_pb_section fb_built=&#8220;1&#8243; _builder_version=&#8220;4.19.4&#8243; _module_preset=&#8220;default&#8220; global_colors_info=&#8220;{}&#8220;][et_pb_row _builder_version=&#8220;4.19.4&#8243; _module_preset=&#8220;default&#8220; global_colors_info=&#8220;{}&#8220;][et_pb_column type=&#8220;4_4&#8243; _builder_version=&#8220;4.19.4&#8243; _module_preset=&#8220;default&#8220; global_colors_info=&#8220;{}&#8220;][et_pb_image src=&#8220;https:\/\/www.bitesofprague.com\/wp-content\/uploads\/2024\/12\/ee59803d-d704-45e4-986f-46865a7016af.jpg&#8220; title_text=&#8220;erdi-and-rebeka&#8220; _builder_version=&#8220;4.27.4&#8243; _module_preset=&#8220;default&#8220; border_radii=&#8220;on|20px|20px|20px|20px&#8220; border_color_all=&#8220;#FFFFFF&#8220; border_style_all=&#8220;none&#8220; global_colors_info=&#8220;{}&#8220;][\/et_pb_image][et_pb_text _builder_version=&#8220;4.27.4&#8243; _module_preset=&#8220;default&#8220; text_font=&#8220;Roboto||||||||&#8220; text_text_color=&#8220;#333333&#8243; text_font_size=&#8220;16px&#8220; text_letter_spacing=&#8220;0.5px&#8220; text_line_height=&#8220;1.5em&#8220; header_text_align=&#8220;center&#8220; header_font_size=&#8220;31px&#8220; header_letter_spacing=&#8220;1px&#8220; header_line_height=&#8220;1.1em&#8220; global_colors_info=&#8220;{}&#8220;]<\/p>\n<p><b>Jak jsme vyr\u016fstali, m\u011bli jsme mo\u017enost kolem sebe pozorovat mnoho rodin a p\u00e1r\u016f. N\u011bkter\u00e1 man\u017eelstv\u00ed trvala jen n\u011bkolik m\u011bs\u00edc\u016f, zat\u00edmco jin\u00e9 trvaj\u00ed des\u00edtky let. Kupodivu, v\u00a0mnoha z\u00a0t\u011bchto man\u017eelstv\u00edch nevid\u00edme \u017eeny \u0161\u0165astn\u00e9. Ve v\u011bt\u0161in\u011b z\u00a0nich se mu\u017ei postupem \u010dasu za\u010dali od sv\u00fdch man\u017eelek vzdalovat. \u017deny se zase v takov\u00fdch vztaz\u00edch nec\u00edtili milovan\u00e9, co\u017e je vedlo ke ztr\u00e1t\u011b respektu v\u016f\u010di sv\u00fdm partner\u016fm. Mu\u017ei, tento nedostatek uzn\u00e1n\u00ed vyc\u00edtili a p\u0159estali proto projevovat svou n\u00e1klonnost, co\u017e udr\u017eovalo za\u010darovan\u00fd kruh, kter\u00fd vedl k rozchod\u016fm, rozvod\u016fm nebo ne\u0161\u0165astn\u00fdm man\u017eelstv\u00edm. Abychom se nestali ob\u011b\u0165mi tohoto kolob\u011bhu, zalo\u017eil jsem spolu se svou partnerkou tradici p\u00e1te\u010dn\u00edho rande,kter\u00e1 n\u00e1m umo\u017e\u0148uje si vyj\u00e1d\u0159it l\u00e1sku a nad\u0161en\u00ed jeden k druh\u00e9mu.<\/b><\/p>\n<p><b>Poka\u017ed\u00e9 zdlouhav\u011b vyb\u00edr\u00e1me jinou restauraci. Je to jedna z na\u0161ich nejobl\u00edben\u011bj\u0161\u00edch aktivit, u\u017e i Instagram n\u00e1m nab\u00edz\u00ed jenom reklamy t\u00fdkaj\u00edc\u00ed se restaurac\u00ed v\u00a0Praze. Oba m\u00e1me b\u011bhem t\u00fddne nabit\u00fd program, ale v\u017edy se sna\u017e\u00edme zachovat tradici na\u0161eho p\u00e1te\u010dn\u00edho rande. Je to pro n\u00e1s jedine\u010dn\u00e1 p\u0159\u00edle\u017eitost odpo\u010dinku a propojen\u00ed se po dlouh\u00e9m t\u00fddnu. T\u011b\u0161\u00edme se na sebe a tak\u00e9 na zkou\u0161en\u00ed nov\u00fdch m\u00edst.<\/b><\/p>\n<p><b>P\u0159i hled\u00e1n\u00ed nov\u00fdch restaurac\u00edch, kter\u00e9 bychom mohli vyzkou\u0161et pro na\u0161e p\u00e1te\u010dn\u00ed rande, jsme narazili na probl\u00e9m, \u017ee informace v\u00a0r\u00e1mci dostupn\u00fdch vyhled\u00e1vac\u00edch n\u00e1stroj\u016f nebyly v\u017edy aktu\u00e1ln\u00ed nebo relevantn\u00ed. Proto jsme se rozhodli vytvo\u0159it webovou str\u00e1nku, kter\u00e1 zjednodu\u0161uje proces pl\u00e1nov\u00e1n\u00ed rande nebo ve\u010de\u0159\u00ed a pom\u00e1h\u00e1 lidem naj\u00edt ide\u00e1ln\u00ed m\u00edsto vyhovuj\u00edc\u00ed jejich pot\u0159eb\u00e1m. Sna\u017e\u00edme se poskytovat co nejv\u00edce informac\u00ed o ka\u017ed\u00e9m m\u00edst\u011b, v\u010detn\u011b fotografi\u00ed, menu a na\u0161eho inteligentn\u00edho hodnot\u00edc\u00edho syst\u00e9mu, a sna\u017e\u00edme se tyto informace i aktualizovat, abychom zajistili informovan\u00e9 rozhodov\u00e1n\u00ed.<\/b><\/p>\n<p><b>Je d\u016fle\u017eit\u00e9 pe\u010dovat o vztah a d\u00e1vat mu p\u0159ednost, zvl\u00e1\u0161t\u011b v dne\u0161n\u00edm usp\u011bchan\u00e9m sv\u011bt\u011b. Jsem vd\u011b\u010dn\u00fd za na\u0161i tradici a za vzpom\u00ednky, kter\u00e9 jsme si d\u00edky n\u00ed vytvo\u0159ili. Douf\u00e1m, \u017ee ji jednoho dne budeme moci p\u0159edat na\u0161im d\u011btem a vnou\u010dat\u016fm jako p\u0159ipom\u00ednku d\u016fle\u017eitosti l\u00e1sky a sjednocen\u00ed v \u017eivot\u011b.<\/b><\/p>\n<p><quillbot-extension-portal><\/quillbot-extension-portal><\/p>\n<p>[\/et_pb_text][\/et_pb_column][\/et_pb_row][et_pb_row column_structure=&#8220;2_5,3_5&#8243; _builder_version=&#8220;4.27.4&#8243; _module_preset=&#8220;default&#8220; global_colors_info=&#8220;{}&#8220;][et_pb_column type=&#8220;2_5&#8243; _builder_version=&#8220;4.27.4&#8243; _module_preset=&#8220;default&#8220; global_colors_info=&#8220;{}&#8220;][et_pb_image src=&#8220;https:\/\/www.bitesofprague.com\/wp-content\/uploads\/2025\/01\/38e48fdd-2c23-4a57-83a3-2b4d67d2e022-EDIT-e1736683437486.jpg&#8220; alt=&#8220;Morty the Corgi&#8220; title_text=&#8220;Morty the Corgi&#8220; _builder_version=&#8220;4.27.4&#8243; _module_preset=&#8220;default&#8220; border_radii=&#8220;on|20px|20px|20px|20px&#8220; global_colors_info=&#8220;{}&#8220;][\/et_pb_image][\/et_pb_column][et_pb_column type=&#8220;3_5&#8243; _builder_version=&#8220;4.27.4&#8243; _module_preset=&#8220;default&#8220; global_colors_info=&#8220;{}&#8220;][et_pb_text _builder_version=&#8220;4.27.4&#8243; _module_preset=&#8220;default&#8220; text_font=&#8220;Roboto||||||||&#8220; text_text_color=&#8220;#333333&#8243; text_font_size=&#8220;16px&#8220; text_letter_spacing=&#8220;0.5px&#8220; text_line_height=&#8220;1.5em&#8220; global_colors_info=&#8220;{}&#8220;]<\/p>\n<p>..a v neposledn\u00ed \u0159ad\u011b je to Morty!<\/p>\n<p>Morty, n\u00e1\u0161 milovan\u00fd corgi, je skute\u010dn\u00fdm maskotem na\u0161ich \u017eivot\u016f a neofici\u00e1ln\u00edm duchem BitesofPrague. D\u00edky jeho hu\u0148at\u00e9 srsti a v\u011b\u010dn\u00e9mu \u00fasm\u011bvu ho nelze p\u0159ehl\u00e9dnout a v\u017edy je p\u0159ipraven d\u00e1t o sob\u011b v\u011bd\u011bt. Jeho \u017eivotn\u00ed posl\u00e1n\u00ed? J\u00eddlo. Morty je laserov\u011b zam\u011b\u0159en\u00fd, pokud jde o pamlsky, a dovedl k dokonalosti um\u011bn\u00ed vypadat neodolateln\u011b roztomile, jen aby si mohl ukousnout. A\u0165 u\u017e jde o drobek na podlaze, nebo o gurm\u00e1nskou pochoutku, kterou se p\u0159ed n\u00edm odv\u00e1\u017e\u00edme sn\u00edst, Morty je v\u017edy ve slu\u017eb\u011b.<\/p>\n<p>[\/et_pb_text][\/et_pb_column][\/et_pb_row][\/et_pb_section]<\/p>\n","protected":false},"excerpt":{"rendered":"<p>Jak jsme vyr\u016fstali, m\u011bli jsme mo\u017enost kolem sebe pozorovat mnoho rodin a p\u00e1r\u016f. N\u011bkter\u00e1 man\u017eelstv\u00ed trvala jen n\u011bkolik m\u011bs\u00edc\u016f, zat\u00edmco jin\u00e9 trvaj\u00ed des\u00edtky let. Kupodivu, v\u00a0mnoha z\u00a0t\u011bchto man\u017eelstv\u00edch nevid\u00edme \u017eeny \u0161\u0165astn\u00e9. Ve v\u011bt\u0161in\u011b z\u00a0nich se mu\u017ei postupem \u010dasu za\u010dali od sv\u00fdch man\u017eelek vzdalovat. \u017deny se zase v takov\u00fdch vztaz\u00edch nec\u00edtili milovan\u00e9, co\u017e je vedlo ke [&hellip;]<\/p>\n","protected":false},"author":1,"featured_media":0,"parent":0,"menu_order":0,"comment_status":"closed","ping_status":"closed","template":"","meta":{"_acf_changed":false,"_et_pb_use_builder":"on","_et_pb_old_content":"","_et_gb_content_width":"","footnotes":""},"class_list":["post-3035","page","type-page","status-publish","hentry"],"acf":[],"_links":{"self":[{"href":"https:\/\/www.bitesofprague.com\/cs\/wp-json\/wp\/v2\/pages\/3035","targetHints":{"allow":["GET"]}}],"collection":[{"href":"https:\/\/www.bitesofprague.com\/cs\/wp-json\/wp\/v2\/pages"}],"about":[{"href":"https:\/\/www.bitesofprague.com\/cs\/wp-json\/wp\/v2\/types\/page"}],"author":[{"embeddable":true,"href":"https:\/\/www.bitesofprague.com\/cs\/wp-json\/wp\/v2\/users\/1"}],"replies":[{"embeddable":true,"href":"https:\/\/www.bitesofprague.com\/cs\/wp-json\/wp\/v2\/comments?post=3035"}],"version-history":[{"count":4,"href":"https:\/\/www.bitesofprague.com\/cs\/wp-json\/wp\/v2\/pages\/3035\/revisions"}],"predecessor-version":[{"id":3039,"href":"https:\/\/www.bitesofprague.com\/cs\/wp-json\/wp\/v2\/pages\/3035\/revisions\/3039"}],"wp:attachment":[{"href":"https:\/\/www.bitesofprague.com\/cs\/wp-json\/wp\/v2\/media?parent=3035"}],"curies":[{"name":"wp","href":"https:\/\/api.w.org\/{rel}","templated":true}]}}