{"id":3031,"date":"2025-01-12T11:51:52","date_gmt":"2025-01-12T11:51:52","guid":{"rendered":"https:\/\/bitesofprague.com\/faq\/"},"modified":"2025-01-25T13:08:37","modified_gmt":"2025-01-25T13:08:37","slug":"faq","status":"publish","type":"page","link":"https:\/\/www.bitesofprague.com\/cs\/faq\/","title":{"rendered":"FAQ"},"content":{"rendered":"<p>[et_pb_section fb_built=&#8220;1&#8243; _builder_version=&#8220;4.27.4&#8243; _module_preset=&#8220;default&#8220; global_colors_info=&#8220;{}&#8220;][et_pb_row _builder_version=&#8220;4.27.4&#8243; _module_preset=&#8220;default&#8220; global_colors_info=&#8220;{}&#8220;][et_pb_column type=&#8220;4_4&#8243; _builder_version=&#8220;4.27.4&#8243; _module_preset=&#8220;default&#8220; global_colors_info=&#8220;{}&#8220;][et_pb_accordion _builder_version=&#8220;4.27.4&#8243; _module_preset=&#8220;default&#8220; toggle_font_size=&#8220;20px&#8220; body_font_size=&#8220;19px&#8220; hover_transition_duration=&#8220;50ms&#8220; border_radii=&#8220;on|20px|20px|20px|20px&#8220; border_color_all=&#8220;#dfdfdf&#8220; global_colors_info=&#8220;{}&#8220;][et_pb_accordion_item title=&#8220;JAK KATEGORIZUJETE M\u00cdSTA, KTER\u00c1 RECENZUJETE?&#8220; open=&#8220;off&#8220; _builder_version=&#8220;4.27.4&#8243; _module_preset=&#8220;default&#8220; global_colors_info=&#8220;{}&#8220;]<\/p>\n<p>Rozd\u011blili jsme m\u00edsta do dvou kategori\u00ed: m\u00edsta pro j\u00eddlo a chill z\u00f3ny. M\u00edsta s j\u00eddlem jsou m\u00edsta, kde je hlavn\u00ed n\u00e1pln\u00ed j\u00eddlo, jako jsou restaurace. Chill z\u00f3ny jsou prostory jako kav\u00e1rny a shisha lounge, kde se sp\u00ed\u0161e relaxuje. Pokud je m\u00edsto z\u00e1rove\u0148 kav\u00e1rnou i restaurac\u00ed, st\u00e1le ho naz\u00fdv\u00e1me chill z\u00f3nou, proto\u017ee nejde jen o j\u00eddlo.<\/p>\n<p>[\/et_pb_accordion_item][et_pb_accordion_item title=&#8220;JAK VYPO\u010c\u00cdT\u00c1V\u00c1TE SK\u00d3RE RECENZ\u00cd?&#8220; _builder_version=&#8220;4.27.4&#8243; _module_preset=&#8220;default&#8220; global_colors_info=&#8220;{}&#8220; open=&#8220;off&#8220;]<\/p>\n<p>Vytvo\u0159ili jsme dev\u011bt krit\u00e9ri\u00ed pro m\u00edsta s ob\u010derstven\u00edm a osm pro chill z\u00f3ny. Ta n\u00e1m pomohla sestavit kone\u010dn\u00e9 hodnocen\u00ed. Ka\u017ed\u00e9 krit\u00e9rium m\u00e1 jinou v\u00e1hu, tak\u017ee se p\u0159i v\u00fdpo\u010dtu li\u0161\u00ed. Je to n\u00e1\u0161 zp\u016fsob, jak zachovat promy\u0161lenost, ale z\u00e1rove\u0148 osobn\u00ed p\u0159\u00edstup.<\/p>\n<p>[\/et_pb_accordion_item][et_pb_accordion_item title=&#8220;JAK ZAJIST\u00cdTE, ABY VA\u0160E RECENZE BYLY OBJEKTIVN\u00cd?&#8220; _builder_version=&#8220;4.27.4&#8243; _module_preset=&#8220;default&#8220; global_colors_info=&#8220;{}&#8220; open=&#8220;off&#8220;]<\/p>\n<p>Up\u0159\u00edmn\u011b \u0159e\u010deno, nesna\u017e\u00edme se b\u00fdt nestrann\u00ed. Na\u0161e recenze odr\u00e1\u017eej\u00ed n\u00e1\u0161 vkus a \u017eivotn\u00ed styl a to n\u00e1m nevad\u00ed. Vy to mo\u017en\u00e1 vid\u00edte jinak a my to naprosto respektujeme.<\/p>\n<p>[\/et_pb_accordion_item][et_pb_accordion_item title=&#8220;JAK \u010cASTO AKTUALIZUJETE RECENZE?&#8220; _builder_version=&#8220;4.27.4&#8243; _module_preset=&#8220;default&#8220; global_colors_info=&#8220;{}&#8220; open=&#8220;off&#8220;]<\/p>\n<p>Pokud si n\u011bjak\u00e9 m\u00edsto zamilujeme, m\u00e1me tendenci ho b\u011bhem roku nav\u0161t\u011bvovat znovu. Kdy\u017e si v\u0161imneme n\u011b\u010deho, co stoj\u00ed za sd\u00edlen\u00ed, recenzi aktualizujeme, aby byla st\u00e1le sv\u011b\u017e\u00ed.<\/p>\n<p>[\/et_pb_accordion_item][et_pb_accordion_item title=&#8220;M\u00c1M \u0160PATNOU ZKU\u0160ENOST S M\u00cdSTEM, KTER\u00c9 JSTE RECENZOVALI. JAK NA TO MOHU UPOZORNIT?&#8220; _builder_version=&#8220;4.27.4&#8243; _module_preset=&#8220;default&#8220; global_colors_info=&#8220;{}&#8220; open=&#8220;off&#8220;]<\/p>\n<p>R\u00e1di si poslechneme va\u0161e n\u00e1zory. M\u016f\u017eete n\u00e1s o tom informovat na str\u00e1nce Kontaktujte n\u00e1s nebo zanechat koment\u00e1\u0159 na str\u00e1nce s recenz\u00ed a zapojit se do konverzace. Na ka\u017ed\u00e9m n\u00e1zoru z\u00e1le\u017e\u00ed!<\/p>\n<p>[\/et_pb_accordion_item][et_pb_accordion_item title=&#8220;P\u0158IJ\u00cdM\u00c1TE RECENZE NEBO P\u0158\u00cdSP\u011aVKY HOST\u016e?&#8220; _builder_version=&#8220;4.27.4&#8243; _module_preset=&#8220;default&#8220; global_colors_info=&#8220;{}&#8220; open=&#8220;off&#8220;]<\/p>\n<p>Te\u010f ne, ale p\u0159em\u00fd\u0161l\u00edme o tom. V budoucnu bychom ji r\u00e1di p\u0159idali.<\/p>\n<p>[\/et_pb_accordion_item][et_pb_accordion_item title=&#8220;PODLE JAK\u00ddCH KRIT\u00c9RI\u00cd VYB\u00cdR\u00c1TE M\u00cdSTA K RECENZI?&#8220; _builder_version=&#8220;4.27.4&#8243; _module_preset=&#8220;default&#8220; global_colors_info=&#8220;{}&#8220; open=&#8220;off&#8220;]<\/p>\n<p>V\u017edycky hled\u00e1me m\u00edsta, kter\u00e1 bychom mohli objevit &#8211; a\u0165 u\u017e je to na z\u00e1klad\u011b pr\u016fzkumu, doporu\u010den\u00ed, nebo prost\u011b jen naraz\u00edme na skryt\u00e9 skvosty p\u0159i proch\u00e1zk\u00e1ch po Praze. Chceme poznat ka\u017ed\u00e9 skv\u011bl\u00e9 m\u00edsto, kter\u00e9 najdeme.<\/p>\n<p>[\/et_pb_accordion_item][et_pb_accordion_item title=&#8220;MOHU PO\u017d\u00c1DAT O RECENZI KONKR\u00c9TN\u00cd RESTAURACE?&#8220; _builder_version=&#8220;4.27.4&#8243; _module_preset=&#8220;default&#8220; global_colors_info=&#8220;{}&#8220; open=&#8220;off&#8220;]<\/p>\n<p>Rozhodn\u011b! Sta\u010d\u00ed pou\u017e\u00edt kontaktn\u00ed formul\u00e1\u0159 a sd\u011blit n\u00e1m, kam si p\u0159ejete, abychom jeli.<\/p>\n<p>[\/et_pb_accordion_item][et_pb_accordion_item title=&#8220;P\u0158IJ\u00cdM\u00c1TE SPONZOROVAN\u00c9 RECENZE NEBO PLACEN\u00c9 PROPAGA\u010cN\u00cd AKCE?&#8220; _builder_version=&#8220;4.27.4&#8243; _module_preset=&#8220;default&#8220; global_colors_info=&#8220;{}&#8220; open=&#8220;off&#8220;]<\/p>\n<p>Ne, nem\u00e1me. Pr\u00e1v\u011b te\u010f si u\u017e\u00edv\u00e1me tento proces a soust\u0159ed\u00edme se na sd\u00edlen\u00ed na\u0161ich up\u0159\u00edmn\u00fdch zku\u0161enost\u00ed.<\/p>\n<p>[\/et_pb_accordion_item][et_pb_accordion_item title=&#8220;MOHU INZEROVAT NA BITESOFPRAGUE?&#8220; _builder_version=&#8220;4.27.4&#8243; _module_preset=&#8220;default&#8220; global_colors_info=&#8220;{}&#8220; open=&#8220;off&#8220;]<\/p>\n<p>V sou\u010dasn\u00e9 dob\u011b neprov\u00e1d\u00edme \u017e\u00e1dn\u00e9 reklamy. Zat\u00edm je to v\u0161echno o l\u00e1sce k objevov\u00e1n\u00ed a sd\u00edlen\u00ed.<\/p>\n<p>[\/et_pb_accordion_item][et_pb_accordion_item title=&#8220;CO M\u00c1M D\u011aLAT, KDY\u017d V N\u011aKTER\u00c9 Z VA\u0160ICH RECENZ\u00cd NAJDU CHYBU?&#8220; _builder_version=&#8220;4.27.4&#8243; _module_preset=&#8220;default&#8220; global_colors_info=&#8220;{}&#8220; open=&#8220;off&#8220;]<\/p>\n<p>Ups! Dejte n\u00e1m pros\u00edm v\u011bd\u011bt pomoc\u00ed kontaktn\u00edho formul\u00e1\u0159e a my to zkontrolujeme a p\u0159\u00edpadn\u011b oprav\u00edme.<\/p>\n<p>[\/et_pb_accordion_item][et_pb_accordion_item title=&#8220;RECENZUJETE POUZE RESTAURACE V PRAZE, NEBO SE V\u011aNUJETE I JIN\u00ddM M\u00cdST\u016eM?&#8220; _builder_version=&#8220;4.27.4&#8243; _module_preset=&#8220;default&#8220; global_colors_info=&#8220;{}&#8220; open=&#8220;off&#8220;]<\/p>\n<p>Ano, dr\u017e\u00edme se hlavn\u011b Prahy a jinde recenze ned\u011bl\u00e1me.<\/p>\n<p>[\/et_pb_accordion_item][et_pb_accordion_item title=&#8220;JAK\u00c9 JSOU P\u0158IPRAVOVAN\u00c9 FUNKCE PRO BITESOFPRAGUE?&#8220; _builder_version=&#8220;4.27.4&#8243; _module_preset=&#8220;default&#8220; global_colors_info=&#8220;{}&#8220; open=&#8220;off&#8220;]<\/p>\n<p>Pracujeme na n\u011bkolika zaj\u00edmav\u00fdch n\u00e1padech, jako jsou kur\u00e1torsk\u00e9 seznamy, chytr\u00e9 filtrov\u00e1n\u00ed a dokonce i mobiln\u00ed aplikace. Na v\u0161em se pracuje, tak\u017ee z\u016fsta\u0148te nalad\u011bni!<\/p>\n<p>[\/et_pb_accordion_item][et_pb_accordion_item title=&#8220;UV\u00c1D\u00cdTE VE SV\u00ddCH RECENZ\u00cdCH INFORMACE O CEN\u00c1CH?&#8220; _builder_version=&#8220;4.27.4&#8243; _module_preset=&#8220;default&#8220; global_colors_info=&#8220;{}&#8220; open=&#8220;off&#8220;]<\/p>\n<p>Sna\u017e\u00edme se v\u00e1m p\u0159ibl\u00ed\u017eit ceny, ale m\u011bjte na pam\u011bti, \u017ee se mohou zm\u011bnit. V\u017edy je dobr\u00e9 si to ov\u011b\u0159it p\u0159\u00edmo na m\u00edst\u011b.<\/p>\n<p>[\/et_pb_accordion_item][et_pb_accordion_item title=&#8220;JAK MOHU B\u00ddT INFORMOV\u00c1N O VA\u0160ICH NEJNOV\u011aJ\u0160\u00cdCH RECENZ\u00cdCH A FUNKC\u00cdCH?&#8220; _builder_version=&#8220;4.27.4&#8243; _module_preset=&#8220;default&#8220; global_colors_info=&#8220;{}&#8220; open=&#8220;on&#8220;]<\/p>\n<p>Sledujte n\u00e1s na soci\u00e1ln\u00edch s\u00edt\u00edch nebo se p\u0159ihlaste k odb\u011bru na\u0161eho newsletteru, abyste byli v obraze. R\u00e1di v\u00e1s budeme informovat!<\/p>\n<p>[\/et_pb_accordion_item][\/et_pb_accordion][\/et_pb_column][\/et_pb_row][\/et_pb_section]<\/p>\n","protected":false},"excerpt":{"rendered":"<p>Rozd\u011blili jsme m\u00edsta do dvou kategori\u00ed: m\u00edsta pro j\u00eddlo a chill z\u00f3ny. M\u00edsta s j\u00eddlem jsou m\u00edsta, kde je hlavn\u00ed n\u00e1pln\u00ed j\u00eddlo, jako jsou restaurace. Chill z\u00f3ny jsou prostory jako kav\u00e1rny a shisha lounge, kde se sp\u00ed\u0161e relaxuje. Pokud je m\u00edsto z\u00e1rove\u0148 kav\u00e1rnou i restaurac\u00ed, st\u00e1le ho naz\u00fdv\u00e1me chill z\u00f3nou, proto\u017ee nejde jen o j\u00eddlo.Vytvo\u0159ili [&hellip;]<\/p>\n","protected":false},"author":1,"featured_media":0,"parent":0,"menu_order":0,"comment_status":"closed","ping_status":"closed","template":"","meta":{"_acf_changed":false,"_et_pb_use_builder":"on","_et_pb_old_content":"","_et_gb_content_width":"","footnotes":""},"class_list":["post-3031","page","type-page","status-publish","hentry"],"acf":[],"_links":{"self":[{"href":"https:\/\/www.bitesofprague.com\/cs\/wp-json\/wp\/v2\/pages\/3031","targetHints":{"allow":["GET"]}}],"collection":[{"href":"https:\/\/www.bitesofprague.com\/cs\/wp-json\/wp\/v2\/pages"}],"about":[{"href":"https:\/\/www.bitesofprague.com\/cs\/wp-json\/wp\/v2\/types\/page"}],"author":[{"embeddable":true,"href":"https:\/\/www.bitesofprague.com\/cs\/wp-json\/wp\/v2\/users\/1"}],"replies":[{"embeddable":true,"href":"https:\/\/www.bitesofprague.com\/cs\/wp-json\/wp\/v2\/comments?post=3031"}],"version-history":[{"count":2,"href":"https:\/\/www.bitesofprague.com\/cs\/wp-json\/wp\/v2\/pages\/3031\/revisions"}],"predecessor-version":[{"id":3049,"href":"https:\/\/www.bitesofprague.com\/cs\/wp-json\/wp\/v2\/pages\/3031\/revisions\/3049"}],"wp:attachment":[{"href":"https:\/\/www.bitesofprague.com\/cs\/wp-json\/wp\/v2\/media?parent=3031"}],"curies":[{"name":"wp","href":"https:\/\/api.w.org\/{rel}","templated":true}]}}