{"id":1222,"date":"2023-06-07T15:51:29","date_gmt":"2023-06-07T15:51:29","guid":{"rendered":"https:\/\/bitesofprague.com\/privacy-policy-2\/"},"modified":"2023-06-10T15:58:30","modified_gmt":"2023-06-10T15:58:30","slug":"privacy-policy","status":"publish","type":"page","link":"https:\/\/www.bitesofprague.com\/cs\/privacy-policy\/","title":{"rendered":"Privacy Policy"},"content":{"rendered":"<p>[et_pb_section fb_built=&#8220;1&#8243; admin_label=&#8220;Section&#8220; _builder_version=&#8220;4.19.4&#8243; _module_preset=&#8220;default&#8220; global_colors_info=&#8220;{}&#8220;][et_pb_row admin_label=&#8220;Row&#8220; _builder_version=&#8220;4.19.4&#8243; _module_preset=&#8220;default&#8220; min_height=&#8220;46px&#8220; custom_margin=&#8220;-4px||||false|false&#8220; custom_padding=&#8220;||0px|||&#8220; global_colors_info=&#8220;{}&#8220;][et_pb_column type=&#8220;4_4&#8243; admin_label=&#8220;Column&#8220; _builder_version=&#8220;4.19.4&#8243; _module_preset=&#8220;default&#8220; global_colors_info=&#8220;{}&#8220;][et_pb_text module_class=&#8220;privacy-policy-title&#8220; _builder_version=&#8220;4.19.4&#8243; _module_preset=&#8220;default&#8220; text_font=&#8220;Roboto|700|||||||&#8220; text_text_color=&#8220;#000000&#8243; text_font_size=&#8220;2.5rem&#8220; global_colors_info=&#8220;{}&#8220;]<\/p>\n<p>Z\u00c1SADY OCHRANY OSOBN\u00cdCH \u00daDAJ\u016e<\/p>\n<p>[\/et_pb_text][\/et_pb_column][\/et_pb_row][et_pb_row _builder_version=&#8220;4.19.4&#8243; _module_preset=&#8220;default&#8220; global_colors_info=&#8220;{}&#8220;][et_pb_column type=&#8220;4_4&#8243; _builder_version=&#8220;4.19.4&#8243; _module_preset=&#8220;default&#8220; global_colors_info=&#8220;{}&#8220;][et_pb_cta title=&#8220;KONTAKTN\u00cd \u00daDAJE SPR\u00c1VCE:&#8220; button_text=&#8220; &#8220; _builder_version=&#8220;4.19.4&#8243; _module_preset=&#8220;default&#8220; border_radii=&#8220;on|20px|20px|20px|20px&#8220; global_colors_info=&#8220;{}&#8220;]<\/p>\n<p style=\"text-align: left;\"><strong>Platforma blogu:<\/strong><span>\u00a0Bites of Prague www.bitesofprague.com<\/span><br \/><strong>e-mail:<\/strong><span>\u00a0info@bitesofprague.com<\/span><\/p>\n<p>[\/et_pb_cta][\/et_pb_column][\/et_pb_row][et_pb_row _builder_version=&#8220;4.19.4&#8243; _module_preset=&#8220;default&#8220; global_colors_info=&#8220;{}&#8220;][et_pb_column type=&#8220;4_4&#8243; _builder_version=&#8220;4.19.4&#8243; _module_preset=&#8220;default&#8220; global_colors_info=&#8220;{}&#8220;][et_pb_accordion open_toggle_text_color=&#8220;#FFFFFF&#8220; open_toggle_background_color=&#8220;#0b2c50&#8243; closed_toggle_text_color=&#8220;#e5e5e5&#8243; closed_toggle_background_color=&#8220;#0b2c50&#8243; icon_color=&#8220;#FFFFFF&#8220; _builder_version=&#8220;4.19.4&#8243; _module_preset=&#8220;default&#8220; toggle_text_color=&#8220;#FFFFFF&#8220; toggle_font=&#8220;Roboto|700||on|||||&#8220; toggle_font_size=&#8220;20px&#8220; body_font=&#8220;Roboto||||||||&#8220; body_text_color=&#8220;#FFFFFF&#8220; body_font_size=&#8220;18px&#8220; custom_margin=&#8220;30px||||false|false&#8220; border_radii=&#8220;on|20px|20px|20px|20px&#8220; border_width_all=&#8220;0px&#8220; global_colors_info=&#8220;{}&#8220;][et_pb_accordion_item title=&#8220;ROZSAH P\u016eSOBNOSTI&#8220; open=&#8220;on&#8220; _builder_version=&#8220;4.19.4&#8243; _module_preset=&#8220;default&#8220; global_colors_info=&#8220;{}&#8220;]<\/p>\n<p><span>Tyto informace ti oz\u0159ejm\u00ed,<\/span><span>\u00a0<\/span><span>co m\u016f\u017ee\u0161 o\u010dek\u00e1vat, \u017ee se bude d\u00edt s tv\u00fdmi osobn\u00edmi \u00fadaji,<\/span><span>\u00a0<\/span><span>kdy\u017e n\u00e1s kontaktuje\u0161. Osobn\u00ed \u00fadaje, kter\u00e9 jsme z\u00edskali p\u0159\u00edmo od tebe, zpracov\u00e1v\u00e1me na z\u00e1klad\u011b n\u011bkter\u00e9ho z n\u00e1sleduj\u00edc\u00edch pr\u00e1vn\u00edch d\u016fvod\u016f:<\/span><\/p>\n<ul>\n<li aria-level=\"1\"><span>podal jsi st\u00ed\u017enost nebo m\u00e1\u0161 na n\u00e1s n\u011bjak\u00fd dotaz (pr\u00e1vn\u00ed z\u00e1klad \u2013 opr\u00e1vn\u011bn\u00fd z\u00e1jem; doba uchov\u00e1v\u00e1n\u00ed \u2013 3 roky),<\/span><\/li>\n<li aria-level=\"1\"><span>\u017e\u00e1d\u00e1\u0161 o informace (pr\u00e1vn\u00ed z\u00e1klad \u2013 opr\u00e1vn\u011bn\u00fd z\u00e1jem; doba uchov\u00e1v\u00e1n\u00ed \u2013 3 roky),<\/span><span>\u00a0<\/span><\/li>\n<li aria-level=\"1\"><span>p\u0159ihl\u00e1sil jsi se k odb\u011bru na\u0161eho e-newsletteru (pr\u00e1vn\u00ed z\u00e1klad \u2013 souhlas a opr\u00e1vn\u011bn\u00fd z\u00e1jem; doba uchov\u00e1v\u00e1n\u00ed \u2013 od tvoj\u00ed posledn\u00ed interakce 2 roky, po uplynut\u00ed t\u00e9to doby aktualizujeme n\u00e1\u0161 pr\u00e1vn\u00ed titul a zept\u00e1me se t\u011b, zda m\u016f\u017eeme b\u00fdt nad\u00e1le v kontaktu),<\/span><span>\u00a0<\/span><\/li>\n<li aria-level=\"1\"><span>zanechal jsi koment\u00e1\u0159 pod na\u0161\u00ed recenz\u00ed (pr\u00e1vn\u00ed z\u00e1klad \u2013 opr\u00e1vn\u011bn\u00fd z\u00e1jem; doba uchov\u00e1n\u00ed \u2013<\/span><span>\u00a0<\/span><span>samotn\u00fd koment\u00e1\u0159 a metadata jsou uchov\u00e1v\u00e1ny po neomezenou dobu. Je to proto, abychom mohli automaticky rozeznat a schv\u00e1lit n\u00e1sledn\u00e9 koment\u00e1\u0159e nam\u00edsto toho, abychom je dr\u017eeli ve \u201efront\u011b\u201c p\u0159i schvalov\u00e1n\u00ed obsahu).<\/span><\/li>\n<\/ul>\n<p>[\/et_pb_accordion_item][et_pb_accordion_item title=&#8220;MARKETING&#8220; _builder_version=&#8220;4.19.4&#8243; _module_preset=&#8220;default&#8220; global_colors_info=&#8220;{}&#8220; open=&#8220;off&#8220;]<\/p>\n<p><span>Tvoji e-mailovou adresu pou\u017e\u00edv\u00e1me, abychom ti mohli zaslat n\u00e1\u0161 newsletter. Kliknut\u00edm na tla\u010d\u00edtko \u201cOdeb\u00edrat\u201d n\u00e1m d\u00e1v\u00e1\u0161 souhlas se zpracov\u00e1n\u00edm osobn\u00edch \u00fadaj\u016f. Po zanech\u00e1n\u00ed koment\u00e1\u0159e pod na\u0161\u00ed recenz\u00ed, se pokud jde o zpracov\u00e1n\u00ed<\/span><span>\u00a0tv\u00fdch\u00a0<\/span><span>osobn\u00edch \u00fadaj\u016f a zas\u00edl\u00e1n\u00ed novinek, spol\u00e9h\u00e1me na n\u00e1\u0161 opr\u00e1vn\u011bn\u00fd z\u00e1jem. M\u00e1\u0161 pr\u00e1vo kdykoliv odvolat sv\u016fj souhlas nebo vzn\u00e9st n\u00e1mitku v\u016f\u010di tomuto marketingov\u00e9mu \u00fa\u010delu. Pokud se tedy chce\u0161 odhl\u00e1sit z odb\u011bru novinek, pros\u00edm p<\/span><span>od\u00edvej se jak na to v z\u00e1pat\u00ed na\u0161eho newsletteru nebo n\u00e1m jednodu\u0161e po\u0161li e-mail. Kdy\u017e tak u\u010din\u00ed\u0161, okam\u017eit\u011b aktualizujeme na\u0161e z\u00e1znamy, abychom splnili tv\u00e9 p\u0159\u00e1n\u00ed. Vezmi<\/span><span>\u00a0<\/span><span>pros\u00edm na v\u011bdom\u00ed, \u017ee odvol\u00e1n\u00ed souhlasu nem\u00e1 vliv na z\u00e1konnost zpracov\u00e1n\u00ed zalo\u017een\u00e9 na souhlasu p\u0159ed jeho odvol\u00e1n\u00edm. Z\u00e1rove\u0148 uv\u00e1d\u00edme, \u017ee nepou\u017e\u00edv\u00e1me \u017e\u00e1dn\u00e9 marketingov\u00e9 cookies.<\/span><\/p>\n<p>[\/et_pb_accordion_item][et_pb_accordion_item title=&#8220;KOMENT\u00c1\u0158E&#8220; _builder_version=&#8220;4.19.4&#8243; _module_preset=&#8220;default&#8220; global_colors_info=&#8220;{}&#8220; open=&#8220;off&#8220;]<\/p>\n<p><span>Kdy\u017e n\u00e1v\u0161t\u011bvn\u00edci zanechaj\u00ed na na\u0161em webu koment\u00e1\u0159e, shroma\u017e\u010fujeme \u00fadaje zobrazen\u00e9 v r\u00e1mci formul\u00e1\u0159e a tak\u00e9 IP adresu n\u00e1v\u0161t\u011bvn\u00edka a \u0159et\u011bzec\u00a0<\/span><i><span>user-agent<\/span><\/i><span>\u00a0prohl\u00ed\u017ee\u010de. To n\u00e1m pom\u00e1h\u00e1 odhalit spam. Slu\u017eb\u011b Gravatar m\u016f\u017ee b\u00fdt poskytnut\u00fd anonymizovan\u00fd \u0159et\u011bzec vytvo\u0159en\u00fd z\u00a0tv\u00e9<\/span><span>\u00a0<\/span><span>e-mailov\u00e9 adresy (naz\u00fdvan\u00fd tak\u00e9 hash), aby bylo mo\u017en\u00e9 zjistit, zda ji pou\u017e\u00edv\u00e1\u0161. Z\u00e1sady ochrany soukrom\u00ed slu\u017eby Gravatar jsou dostupn\u00e9 zde:\u00a0<\/span><a href=\"https:\/\/automattic.com\/privacy\/\"><span>https:\/\/automattic.com\/privacy\/<\/span><\/a><span>. Po schv\u00e1len\u00ed tv\u00e9ho koment\u00e1\u0159e bude tv\u016fj koment\u00e1\u0159 viditeln\u00fd pro ve\u0159ejnost.<\/span><\/p>\n<p>[\/et_pb_accordion_item][et_pb_accordion_item title=&#8220;M\u00c9DIA&#8220; _builder_version=&#8220;4.19.4&#8243; _module_preset=&#8220;default&#8220; global_colors_info=&#8220;{}&#8220; open=&#8220;off&#8220;]<\/p>\n<p><span>Jak m\u00e1\u0161 mo\u017enost vid\u011bt, sou\u010d\u00e1st\u00ed na\u0161ich recenz\u00ed jsou i fotografie j\u00eddla a<\/span><span>\u00a0<\/span><span>interi\u00e9ru z nav\u0161t\u00edven\u00e9ho m\u00edsta. Neklademe si za c\u00edl zpracov\u00e1vat osobn\u00ed \u00fadaje konkr\u00e9tn\u00edch osob a abychom uveden\u00e9 respektovali, kde to jde, rozmaz\u00e1v\u00e1me nezbytn\u00e9 \u010d\u00e1sti<\/span><span>\u00a0<\/span><span>fotografi\u00ed pro minimalizaci rizika p\u0159\u00edm\u00e9 identifikace. Stanovili jsme si z\u00e1kladn\u00ed krit\u00e9ria pro ur\u010den\u00ed, zda je tato konkr\u00e9tn\u00ed \u010dinnost vyhotovov\u00e1n\u00ed<\/span><span>\u00a0<\/span><span>fotografi\u00ed prov\u00e1d\u011bna v r\u00e1mci osobn\u00edch nebo dom\u00e1c\u00edch \u00fa\u010del\u016f, v kontextu v\u00fdjimky uveden\u00e9 v\u00a0obecn\u00e9m na\u0159\u00edzen\u00ed o ochran\u011b \u00fadaj\u016f a pln\u00e9 odpov\u011bdnosti spr\u00e1vce podle\u00a0 \u010dl. 2 (2) (c) GDPR. Z na\u0161eho pohledu toto zpracov\u00e1n\u00ed nespad\u00e1 do p\u016fsobnosti GDPR.<\/span><\/p>\n<p><span>V p\u0159\u00edpad\u011b jak\u00fdchkoli st\u00ed\u017enost\u00ed nebo obav ohledn\u011b fotografie, kterou jsme<\/span><span>\u00a0<\/span><span>zve\u0159ejnili na na\u0161\u00ed webov\u00e9 str\u00e1nce, n\u00e1s pros\u00edm nev\u00e1hej kontaktovat s vysv\u011btlen\u00edm, pro\u010d bychom ji m\u011bli odstranit a spole\u010dn\u011b se na ni pod\u00edv\u00e1me.<\/span><\/p>\n<p>[\/et_pb_accordion_item][et_pb_accordion_item title=&#8220;COOKIES&#8220; _builder_version=&#8220;4.19.4&#8243; _module_preset=&#8220;default&#8220; global_colors_info=&#8220;{}&#8220; open=&#8220;off&#8220;]<\/p>\n<p><span>Pokud na na\u0161em webu zanech\u00e1\u0161 koment\u00e1\u0159, m\u016f\u017ee\u0161 si pro p\u0159\u00ed\u0161t\u011b ulo\u017eit sv\u00e9 jm\u00e9no a e-mailovou adresu<\/span><span>\u00a0<\/span><span>d\u00edky soubor\u016fm cookies. Tyto slou\u017e\u00ed ke tv\u00e9mu pohodl\u00ed, abys nemusel opakovan\u011b vypl\u0148ovat sv\u00e9 \u00fadaje, kdy\u017e zanech\u00e1\u0161 dal\u0161\u00ed koment\u00e1\u0159. Jejich platnost je jeden rok. S tv\u00fdm souhlasem zpracov\u00e1v\u00e1me tak\u00e9 analytick\u00e9 cookies, a to na z\u00e1klad\u011b ust. \u00a7 89 odst. 3 z\u00e1kona \u010d. 127\/2005 Sb., o elektronick\u00fdch komunikac\u00edch ve<\/span><span>\u00a0<\/span><span>zn\u011bn\u00ed pozd\u011bj\u0161\u00edch p\u0159edpis\u016f. Podrobn\u011bj\u0161\u00ed informace o cookies, kter\u00e9 pou\u017e\u00edv\u00e1me, nalezne\u0161 v na\u0161ich\u00a0<\/span><strong><a href=\"https:\/\/www.bitesofprague.com\/cs\/cookie-policy\/\">Z\u00e1sad\u00e1ch pro zpracov\u00e1n\u00ed cookies<\/a><\/strong><span><strong>.<\/strong>\u00a0Pr\u00e1vn\u00ed z\u00e1klad, o kter\u00fd se v\u00a0souvislosti s\u00a0n\u00e1sledn\u00fdm zpracov\u00e1n\u00edm analytick\u00fdch informac\u00ed op\u00edr\u00e1me, je \u010dl. 6 odst. 1 p\u00edsm. f) GDPR \u2013 opr\u00e1vn\u011bn\u00fd z\u00e1jem. Proti zpracov\u00e1n\u00ed osobn\u00edch \u00fadaj\u016f pro tento \u00fa\u010del m\u00e1\u0161 pr\u00e1vo vzn\u00e9st n\u00e1mitku<\/span><\/p>\n<p>[\/et_pb_accordion_item][et_pb_accordion_item title=&#8220;OBSAH Z JIN\u00ddCH STR\u00c1NEK&#8220; _builder_version=&#8220;4.19.4&#8243; _module_preset=&#8220;default&#8220; global_colors_info=&#8220;{}&#8220; open=&#8220;off&#8220;]<\/p>\n<p><span>M\u016f\u017ee se st\u00e1t, \u017ee v\u00a0n\u011bkter\u00e9m z\u00a0na\u0161ich post\u016f bude vlo\u017een ur\u010dit\u00fd obsah (nap\u0159. videa,<\/span><span>\u00a0<\/span><span>obr\u00e1zky, \u010dl\u00e1nky atd.). Vlo\u017een\u00fd obsah z jin\u00fdch webov\u00fdch str\u00e1nek se chov\u00e1 \u00fapln\u011b stejn\u011b, jako kdyby n\u00e1v\u0161t\u011bvn\u00edk nav\u0161t\u00edvil jejich str\u00e1nku. Tyto<\/span><span>\u00a0<\/span><span>webov\u00e9 str\u00e1nky mohou shroma\u017e\u010fovat osobn\u00ed \u00fadaje, pou\u017e\u00edvat cookies, a to i cookies t\u0159et\u00edch stran a monitorovat tvoj\u00ed interakci s t\u00edmto<\/span><span>\u00a0<\/span><span>vlo\u017een\u00fdm obsahem, v\u010detn\u011b sledov\u00e1n\u00ed tv\u00e9 interakce s vlo\u017een\u00fdm obsahem, pokud na dan\u00e9 str\u00e1nce m\u00e1\u0161 sv\u016fj vlastn\u00ed \u00fa\u010det a jsi na n\u00ed p\u0159ihl\u00e1\u0161en.<\/span><\/p>\n<p>[\/et_pb_accordion_item][et_pb_accordion_item title=&#8220;JAK\u00c9 JSOU TV\u00c1 PR\u00c1VA V SOUVISLOSTI SE ZPRACOV\u00c1N\u00cdM OSOBN\u00cdCH \u00daDAJ\u016e?&#8220; _builder_version=&#8220;4.19.4&#8243; _module_preset=&#8220;default&#8220; global_colors_info=&#8220;{}&#8220; open=&#8220;off&#8220;]<\/p>\n<p><span>Podle pr\u00e1vn\u00ed \u00fapravy GDPR m\u00e1\u0161 jako subjekt \u00fadaj\u016f pr\u00e1va uveden\u00e1 v \u010dl. 15-22 GDPR, se kter\u00fdmi t\u011b<\/span><span>\u00a0<\/span><span>mus\u00edme sezn\u00e1mit. Pr\u00e1va, kter\u00e1 m\u00e1\u0161 k dispozici, z\u00e1vis\u00ed na konkr\u00e9tn\u00edm pr\u00e1vn\u00edm d\u016fvodu zpracov\u00e1n\u00ed osobn\u00edch \u00fadaj\u016f.<\/span><\/p>\n<p><strong>Tvoje pr\u00e1vo na p\u0159\u00edstup<\/strong><\/p>\n<p><span>M\u00e1\u0161 pr\u00e1vo z\u00edskat potvrzen\u00ed, zda tv\u00e9 osobn\u00ed \u00fadaje zpracov\u00e1v\u00e1me \u010di nikoli, a m\u00e1\u0161 taky pr\u00e1vo z\u00edskat p\u0159\u00edstup<\/span><span>\u00a0<\/span><span>k t\u011bmto osobn\u00edm \u00fadaj\u016fm a dal\u0161\u00edm informac\u00edm.<\/span><\/p>\n<p><strong>Tvoje pr\u00e1vo na opravu<\/strong><\/p>\n<p><span>M\u00e1\u0161 pr\u00e1vo po\u017e\u00e1dat n\u00e1s, abychom<\/span><span>\u00a0<\/span><span>opravili nespr\u00e1vn\u00e9,<\/span><span>\u00a0<\/span><span>nep\u0159esn\u00e9 nebo ne\u00fapln\u00e9<\/span><span>\u00a0<\/span><span>osobn\u00ed \u00fadaje, kter\u00e9 o tob\u011b zpracov\u00e1v\u00e1me.<\/span><\/p>\n<p><strong>Tv\u00e9 pr\u00e1vo na v\u00fdmaz<\/strong><\/p>\n<p><span>M\u00e1\u0161 pr\u00e1vo n\u00e1s za ur\u010dit\u00fdch okolnost\u00ed po\u017e\u00e1dat, abychom vymazali tvoje osobn\u00ed \u00fadaje v souladu s \u010dl. 17 GDPR (pr\u00e1vo b\u00fdt zapomenut), tedy nap\u0159\u00edklad pokud ji\u017e tv\u00e9 osobn\u00ed \u00fadaje nepot\u0159ebujeme zpracov\u00e1vat.<\/span><\/p>\n<p><strong>Tv\u00e9 pr\u00e1vo na omezen\u00ed zpracov\u00e1n\u00ed<\/strong><\/p>\n<p><span>M\u00e1\u0161 pr\u00e1vo na omezen\u00ed zpracov\u00e1n\u00ed tv\u00fdch osobn\u00edch \u00fadaj\u016f, pokud je spln\u011bn jeden z d\u016fvod\u016f uveden\u00fdch v \u010dl. 18 GDPR.<\/span><\/p>\n<p><strong>Tvoje pr\u00e1vo na p\u0159enositelnost \u00fadaj\u016f<\/strong><\/p>\n<p><span>M\u00e1\u0161 pr\u00e1vo po\u017e\u00e1dat, abychom p\u0159enesli informace, kter\u00e9 jsi n\u00e1m poskytl, z jedn\u00e9 organizace do druh\u00e9, nebo je p\u0159edali p\u0159\u00edmo tob\u011b. Toto pr\u00e1vo plat\u00ed pouze<\/span><span>\u00a0<\/span><span>v p\u0159\u00edpad\u011b, \u017ee zpracov\u00e1v\u00e1me \u00fadaje automatizovan\u00fdm zp\u016fsobem a na z\u00e1klad\u011b tv\u00e9ho souhlasu nebo na z\u00e1klad\u011b smluvn\u00edch \u010di p\u0159edsmluvn\u00edch vztah\u016f.<\/span><\/p>\n<p><strong>Tvoje pr\u00e1vo vzn\u00e9st n\u00e1mitku<\/strong><\/p>\n<p><span>M\u00e1\u0161 pr\u00e1vo z d\u016fvod\u016f t\u00fdkaj\u00edc\u00edch se tv\u00e9 konkr\u00e9tn\u00ed situace kdykoli vzn\u00e9st n\u00e1mitku proti zpracov\u00e1n\u00ed osobn\u00edch \u00fadaj\u016f, kter\u00e9 je zalo\u017eeno na na\u0161em<\/span><span>\u00a0<\/span><span>opr\u00e1vn\u011bn\u00e9m z\u00e1jmu. Osobn\u00ed \u00fadaje d\u00e1le nebudeme zpracov\u00e1vat, pokud neprok\u00e1\u017eeme existenci opr\u00e1vn\u011bn\u00fdch d\u016fvod\u016f p\u0159eva\u017euj\u00edc\u00edch nad<\/span><span>\u00a0<\/span><span>tv\u00fdmi z\u00e1jmy, pr\u00e1vy a svobodami, nebo pro ur\u010den\u00ed, v\u00fdkon nebo obhajobu na\u0161ich pr\u00e1vn\u00edch n\u00e1rok\u016f. Jinou situac\u00ed je vznesen\u00ed n\u00e1mitky proti zpracov\u00e1n\u00ed pro marketingov\u00e9 \u00fa\u010dely. V\u00a0takov\u00e9m p\u0159\u00edpad\u011b osobn\u00ed \u00fadaje nebudeme pro tyto \u00fa\u010dely d\u00e1le zpracov\u00e1vat.<\/span><\/p>\n<p><strong>Zahrnuje nakl\u00e1d\u00e1n\u00ed s tv\u00fdmi osobn\u00edmi \u00fadaji automatizovan\u00e9 individu\u00e1ln\u00ed rozhodov\u00e1n\u00ed, v\u010detn\u011b profilov\u00e1n\u00ed?<\/strong><\/p>\n<p><span>Neuplat\u0148uje se.<\/span><\/p>\n<p>[\/et_pb_accordion_item][et_pb_accordion_item title=&#8220;ZM\u011aNY T\u011aCHTO Z\u00c1SAD OCHRANY OSOBN\u00cdCH \u00daDAJ\u016e&#8220; _builder_version=&#8220;4.19.4&#8243; _module_preset=&#8220;default&#8220; global_colors_info=&#8220;{}&#8220; open=&#8220;off&#8220;]<\/p>\n<p><span>\u010cas od \u010dasu m\u016f\u017eeme na\u0161e z\u00e1sady aktualizovat. O p\u0159\u00edpadn\u00fdch zm\u011bn\u00e1ch t\u011b budeme informovat zve\u0159ejn\u011bn\u00edm nov\u00fdch z\u00e1sad na t\u00e9to str\u00e1nce. Doporu\u010dujeme, aby sis tyto z\u00e1sady pravideln\u011b prohl\u00ed\u017eel kv\u016fli p\u0159\u00edpadn\u00fdm zm\u011bn\u00e1m. Zm\u011bny z\u00e1sad nab\u00fdvaj\u00ed \u00fa\u010dinnosti okam\u017eikem jejich zve\u0159ejn\u011bn\u00ed na t\u00e9to str\u00e1nce.<\/span><\/p>\n<p>[\/et_pb_accordion_item][et_pb_accordion_item title=&#8220;EXISTUJE N\u011aJAK\u00c1 SITUACE, KDY POSKYTUJEME TVOJE \u00daDAJE T\u0158ET\u00cdM STRAN\u00c1M?&#8220; _builder_version=&#8220;4.19.4&#8243; _module_preset=&#8220;default&#8220; global_colors_info=&#8220;{}&#8220; open=&#8220;off&#8220;]<\/p>\n<p><span>Opravdu ne, nevyu\u017e\u00edv\u00e1me \u017e\u00e1dn\u00e9 zpracovatele a nesd\u00edl\u00edme \u00fadaje a informace se soci\u00e1ln\u00edmi s\u00edt\u011bmi. Za ur\u010dit\u00fdch podm\u00ednek uveden\u00fdch v z\u00e1kon\u011b m\u016f\u017ee nastat<\/span><span>\u00a0<\/span><span>situace, \u017ee bychom museli tv\u00e9 \u00fadaje zp\u0159\u00edstupnit t\u0159et\u00edm stran\u00e1m (jako jsou org\u00e1ny \u010dinn\u00e9 v\u00a0trestn\u00edm \u0159\u00edzen\u00ed), pokud to bude nezbytn\u00e9 a p\u0159im\u011b\u0159en\u00e9 pro z\u00e1konn\u00e9, konkr\u00e9tn\u00ed \u00fa\u010dely.<\/span><\/p>\n<p>[\/et_pb_accordion_item][et_pb_accordion_item title=&#8220;BUDOU TV\u00c9 OSOBN\u00cd \u00daDAJE P\u0158ED\u00c1V\u00c1NY DO T\u0158ET\u00cdCH ZEM\u00cd NEBO MEZIN\u00c1RODN\u00cdM ORGANIZAC\u00cdM?&#8220; _builder_version=&#8220;4.19.4&#8243; _module_preset=&#8220;default&#8220; global_colors_info=&#8220;{}&#8220; open=&#8220;off&#8220;]<\/p>\n<p><span>\u00dadaje, kter\u00e9 uchov\u00e1v\u00e1me, nejsou p\u0159ed\u00e1v\u00e1ny do t\u0159et\u00edch zem\u00ed ani mezin\u00e1rodn\u00edm organizac\u00edm.<\/span><\/p>\n<p><strong>Google Analytics<\/strong><\/p>\n<p><span>V p\u0159\u00edpad\u011b pou\u017e\u00edv\u00e1n\u00ed cookies slu\u017eby Google Analytics bychom r\u00e1di zd\u016fraznili, \u017ee analytick\u00fd skript o tob\u011b nem\u00e1 kompletn\u00ed \u00fadaje. Geografick\u00e9 um\u00edst\u011bn\u00ed serveru, na kter\u00e9m jsou data anonymizov\u00e1na, se nach\u00e1z\u00ed<\/span><span>\u00a0<\/span><span>v EU. Jedin\u00fdm \u00fa\u010delem vyu\u017e\u00edv\u00e1n\u00ed Google Analytics je zn\u00e1t po\u010det n\u00e1v\u0161t\u011bvn\u00edk\u016f p\u0159ich\u00e1zej\u00edc\u00edch z mobilu a po\u010d\u00edta\u010de, abychom se mohli rozhodnout, co pro n\u00e1\u0161 blog v budoucnu implementovat.<\/span><\/p>\n<p><span>Standardn\u00ed smluvn\u00ed dolo\u017eky jsou pr\u00e1vn\u00ed dolo\u017eky sepsan\u00e9 Evropskou komis\u00ed. Jsou sou\u010d\u00e1st\u00ed smlouvy mezi Google Ireland Ltd. a Google LLC, p\u0159i\u010dem\u017e Google LLC se jimi mus\u00ed \u0159\u00eddit. Standardn\u00ed smluvn\u00ed klauzule p\u0159ikazuj\u00ed spole\u010dnosti Google LLC, co s tv\u00fdmi \u00fadaji m\u016f\u017ee a co nem\u016f\u017ee d\u011blat.<\/span><\/p>\n<p><span>Anal\u00fdzu pomoc\u00ed Google Analytics m\u016f\u017ee\u0161 deaktivovat na na\u0161\u00ed webov\u00e9 str\u00e1nce a na jin\u00fdch webov\u00fdch str\u00e1nk\u00e1ch na adrese<\/span><span>\u00a0<\/span><strong><a href=\"http:\/\/tools.google.com\/dlpage\/gaoptout\">http:\/\/tools.google.com\/dlpage\/gaoptout<\/a>.<\/strong><\/p>\n<p>[\/et_pb_accordion_item][et_pb_accordion_item title=&#8220;N\u011aJAK\u00c9 OBAVY?&#8220; _builder_version=&#8220;4.19.4&#8243; _module_preset=&#8220;default&#8220; global_colors_info=&#8220;{}&#8220; open=&#8220;off&#8220;]<\/p>\n<p><span>Dodr\u017eujeme vysok\u00e9 standardy, pokud jde o zpracov\u00e1v\u00e1n\u00ed osobn\u00edch \u00fadaj\u016f. M\u00e1\u0161-li dotazy nebo p\u0159ipom\u00ednky, kontaktuj n\u00e1s na\u00a0<\/span><a href=\"mailto:info@bitesofprague.com\"><span>info@bitesofprague.com<\/span><\/a><span>\u00a0a my ti co nejd\u0159\u00edv odpov\u00edme.<\/span><\/p>\n<p>[\/et_pb_accordion_item][et_pb_accordion_item title=&#8220;ST\u00cd\u017dNOSTI&#8220; _builder_version=&#8220;4.19.4&#8243; _module_preset=&#8220;default&#8220; global_colors_info=&#8220;{}&#8220; open=&#8220;off&#8220;]<\/p>\n<p><span>Pokud nebude\u0161 spokojen s\u00a0vy\u0159\u00edzen\u00edm tv\u00e9ho po\u017eadavku, m\u016f\u017ee\u0161 podat st\u00ed\u017enost v\u016f\u010di tomu, jak\u00fdm<\/span><span>\u00a0<\/span><span>zp\u016fsobem tvoje osobn\u00ed \u00fadaje zpracov\u00e1v\u00e1me, a to p\u0159\u00edslu\u0161n\u00e9mu \u00da\u0159adu pro ochranu osobn\u00edch \u00fadaj\u016f. V ka\u017ed\u00e9m \u010dlensk\u00e9m st\u00e1t\u011b EU je jeden. M\u00edstem na\u0161\u00ed \u00fast\u0159edn\u00ed spr\u00e1vy je \u010cesk\u00e1 republika. Kontaktn\u00ed \u00fadaje<\/span><span>\u00a0<\/span><span>\u00da\u0159adu pro ochranu osobn\u00edch \u00fadaj\u016f \u010cesk\u00e9 republiky: \u00da\u0159ad pro ochranu osobn\u00edch \u00fadaj\u016f, Pplk. Sochora 27, 170 00 Praha 7 \u010cesk\u00e1 republika,\u00a0<\/span><a href=\"mailto:posta@uoou.cz\"><span>posta@uoou.cz<\/span><\/a><span>,\u00a0<\/span><a href=\"https:\/\/www.uoou.cz\/\"><span>https:\/\/www.uoou.cz\/<\/span><\/a><span>.<\/span><\/p>\n<p>[\/et_pb_accordion_item][\/et_pb_accordion][\/et_pb_column][\/et_pb_row][et_pb_row _builder_version=&#8220;4.19.4&#8243; _module_preset=&#8220;default&#8220; global_colors_info=&#8220;{}&#8220;][et_pb_column type=&#8220;4_4&#8243; _builder_version=&#8220;4.19.4&#8243; _module_preset=&#8220;default&#8220; global_colors_info=&#8220;{}&#8220;][et_pb_cta title=&#8220;Tyto z\u00e1sady ochrany osobn\u00edch \u00fadaj\u016f byly aktualizov\u00e1ny 06.06.2023.&#8220; _builder_version=&#8220;4.19.4&#8243; _module_preset=&#8220;default&#8220; custom_margin=&#8220;30px||||false|false&#8220; hover_enabled=&#8220;0&#8243; border_radii=&#8220;on|20px|20px|20px|20px&#8220; global_colors_info=&#8220;{}&#8220; sticky_enabled=&#8220;0&#8243;][\/et_pb_cta][\/et_pb_column][\/et_pb_row][\/et_pb_section]<\/p>\n","protected":false},"excerpt":{"rendered":"<p>Z\u00c1SADY OCHRANY OSOBN\u00cdCH \u00daDAJ\u016ePlatforma blogu:\u00a0Bites of Prague www.bitesofprague.come-mail:\u00a0info@bitesofprague.comTyto informace ti oz\u0159ejm\u00ed,\u00a0co m\u016f\u017ee\u0161 o\u010dek\u00e1vat, \u017ee se bude d\u00edt s tv\u00fdmi osobn\u00edmi \u00fadaji,\u00a0kdy\u017e n\u00e1s kontaktuje\u0161. Osobn\u00ed \u00fadaje, kter\u00e9 jsme z\u00edskali p\u0159\u00edmo od tebe, zpracov\u00e1v\u00e1me na z\u00e1klad\u011b n\u011bkter\u00e9ho z n\u00e1sleduj\u00edc\u00edch pr\u00e1vn\u00edch d\u016fvod\u016f: podal jsi st\u00ed\u017enost nebo m\u00e1\u0161 na n\u00e1s n\u011bjak\u00fd dotaz (pr\u00e1vn\u00ed z\u00e1klad \u2013 opr\u00e1vn\u011bn\u00fd z\u00e1jem; doba uchov\u00e1v\u00e1n\u00ed [&hellip;]<\/p>\n","protected":false},"author":1,"featured_media":0,"parent":0,"menu_order":0,"comment_status":"closed","ping_status":"closed","template":"","meta":{"_acf_changed":false,"_et_pb_use_builder":"on","_et_pb_old_content":"","_et_gb_content_width":"","footnotes":""},"class_list":["post-1222","page","type-page","status-publish","hentry"],"acf":[],"_links":{"self":[{"href":"https:\/\/www.bitesofprague.com\/cs\/wp-json\/wp\/v2\/pages\/1222","targetHints":{"allow":["GET"]}}],"collection":[{"href":"https:\/\/www.bitesofprague.com\/cs\/wp-json\/wp\/v2\/pages"}],"about":[{"href":"https:\/\/www.bitesofprague.com\/cs\/wp-json\/wp\/v2\/types\/page"}],"author":[{"embeddable":true,"href":"https:\/\/www.bitesofprague.com\/cs\/wp-json\/wp\/v2\/users\/1"}],"replies":[{"embeddable":true,"href":"https:\/\/www.bitesofprague.com\/cs\/wp-json\/wp\/v2\/comments?post=1222"}],"version-history":[{"count":3,"href":"https:\/\/www.bitesofprague.com\/cs\/wp-json\/wp\/v2\/pages\/1222\/revisions"}],"predecessor-version":[{"id":1238,"href":"https:\/\/www.bitesofprague.com\/cs\/wp-json\/wp\/v2\/pages\/1222\/revisions\/1238"}],"wp:attachment":[{"href":"https:\/\/www.bitesofprague.com\/cs\/wp-json\/wp\/v2\/media?parent=1222"}],"curies":[{"name":"wp","href":"https:\/\/api.w.org\/{rel}","templated":true}]}}