{"id":1221,"date":"2023-06-08T12:15:10","date_gmt":"2023-06-08T12:15:10","guid":{"rendered":"https:\/\/bitesofprague.com\/cookie-policy-2\/"},"modified":"2023-06-10T15:57:44","modified_gmt":"2023-06-10T15:57:44","slug":"cookie-policy","status":"publish","type":"page","link":"https:\/\/www.bitesofprague.com\/cs\/cookie-policy\/","title":{"rendered":"Cookie Policy"},"content":{"rendered":"<p>[et_pb_section fb_built=&#8220;1&#8243; _builder_version=&#8220;4.19.4&#8243; _module_preset=&#8220;default&#8220; custom_padding=&#8220;|0px||||&#8220; global_colors_info=&#8220;{}&#8220;][et_pb_row _builder_version=&#8220;4.19.4&#8243; _module_preset=&#8220;default&#8220; global_colors_info=&#8220;{}&#8220;][et_pb_column type=&#8220;4_4&#8243; _builder_version=&#8220;4.19.4&#8243; _module_preset=&#8220;default&#8220; global_colors_info=&#8220;{}&#8220;][et_pb_text _builder_version=&#8220;4.19.4&#8243; _module_preset=&#8220;default&#8220; text_font=&#8220;Roboto|700|||||||&#8220; header_font=&#8220;Roboto|700|||||||&#8220; header_font_size=&#8220;2.5rem&#8220; hover_enabled=&#8220;0&#8243; global_colors_info=&#8220;{}&#8220; sticky_enabled=&#8220;0&#8243;]<\/p>\n<h1><span>Z\u00c1SADY PRO ZPRACOV\u00c1N\u00cd COOKIES<\/span><\/h1>\n<p><quillbot-extension-portal><\/quillbot-extension-portal><\/p>\n<p>[\/et_pb_text][\/et_pb_column][\/et_pb_row][et_pb_row _builder_version=&#8220;4.19.4&#8243; _module_preset=&#8220;default&#8220; global_colors_info=&#8220;{}&#8220;][et_pb_column type=&#8220;4_4&#8243; _builder_version=&#8220;4.19.4&#8243; _module_preset=&#8220;default&#8220; global_colors_info=&#8220;{}&#8220;][et_pb_cta title=&#8220;N\u00c1MI POU\u017d\u00cdVAN\u00c9 COOKIES&#8220; _builder_version=&#8220;4.19.4&#8243; _module_preset=&#8220;default&#8220; header_font=&#8220;Roboto|700||on|||||&#8220; header_text_align=&#8220;left&#8220; body_font=&#8220;Roboto|500|||||||&#8220; body_text_align=&#8220;left&#8220; custom_margin=&#8220;20px||20px||false|false&#8220; hover_enabled=&#8220;0&#8243; border_radii=&#8220;on|20px|20px|20px|20px&#8220; global_colors_info=&#8220;{}&#8220; sticky_enabled=&#8220;0&#8243;]<\/p>\n<p><span>Cookies jsou mal\u00e9 textov\u00e9 soubory, kter\u00e9 nav\u0161t\u00edven\u00e9 webov\u00e9 str\u00e1nky ukl\u00e1daj\u00ed do tv\u00e9ho po\u010d\u00edta\u010de. Jsou pou\u017e\u00edv\u00e1ny na to, aby webov\u00e9 str\u00e1nky spr\u00e1vn\u011b fungovaly, resp. fungovaly efektivn\u011bji, a slou\u017e\u00ed tak\u00e9 k poskytov\u00e1n\u00ed nevyhnutn\u00fdch informac\u00ed majitel\u016fm webov\u00fdch str\u00e1nek. N\u00ed\u017ee uveden\u00e1 tabulka vysv\u011btluje, jak\u00e9 soubory cookies pou\u017e\u00edv\u00e1me my a z\u00a0jak\u00e9ho d\u016fvodu.<\/span><\/p>\n<p>[\/et_pb_cta][\/et_pb_column][\/et_pb_row][et_pb_row _builder_version=&#8220;4.19.4&#8243; _module_preset=&#8220;default&#8220; global_colors_info=&#8220;{}&#8220;][et_pb_column type=&#8220;4_4&#8243; _builder_version=&#8220;4.19.4&#8243; _module_preset=&#8220;default&#8220; global_colors_info=&#8220;{}&#8220;][et_pb_text _builder_version=&#8220;4.19.4&#8243; _module_preset=&#8220;default&#8220; text_font=&#8220;Roboto||||||||&#8220; text_text_color=&#8220;#000000&#8243; text_font_size=&#8220;1rem&#8220; hover_enabled=&#8220;0&#8243; border_color_all=&#8220;#0b2e55&#8243; global_colors_info=&#8220;{}&#8220; sticky_enabled=&#8220;0&#8243;]<\/p>\n<table style=\"width: 100%; border-collapse: separate; border-style: none;\" border=\"0\">\n<tbody>\n<tr class=\"cookie-table-header\" style=\"border: none; color: white; background-color: #0b2e55; border-radius: 20px 20px 0 0;\">\n<td style=\"width: 33.3333%;\"><strong>Cookie<\/strong><\/td>\n<td style=\"width: 33.3333%;\"><strong>N\u00e1zev<\/strong><\/td>\n<td style=\"width: 33.3333%;\"><strong>\u00da\u010del<\/strong><\/td>\n<\/tr>\n<tr>\n<td style=\"width: 33.3333%;\"><span>Preference ohledn\u011b cookies<\/span><\/td>\n<td style=\"width: 33.3333%;\"><span>cmplz_banner-status, cmplz_functional, cmplz_preferences, cmplz_preferences,\u00a0cmplz_preferences, cmplz_preferences, cmplz_preferences<\/span><\/td>\n<td style=\"width: 33.3333%;\">\n<p><span>Tyto cookies se pou\u017e\u00edvaj\u00ed k zapamatov\u00e1n\u00ed volby u\u017eivatele ohledn\u011b cookies na na\u0161\u00ed webov\u00e9 str\u00e1nce www.bitesofprague.com. Pokud u\u017eivatel\u00e9 ji\u017e d\u0159\u00edve uvedli svoje preference, tyto budou ulo\u017eeny v tomto souboru cookies.<\/span><\/p>\n<p><span><\/span><\/p>\n<p><span>Doba uchov\u00e1v\u00e1n\u00ed \u2013 365 dn\u00ed.<\/span><\/p>\n<\/td>\n<\/tr>\n<tr>\n<td style=\"width: 33.3333%;\"><span>V\u00fdb\u011br jazyka<\/span><\/td>\n<td style=\"width: 33.3333%;\"><span>wp-wpml_current_language<\/span><\/td>\n<td style=\"width: 33.3333%;\">\n<p><span>Tento soubor cookies se pou\u017e\u00edv\u00e1 k\u00a0zapamatov\u00e1n\u00ed jak\u00e9koli volby, kterou u\u017eivatel provedl ohledn\u011b jazyka, a to pomoc\u00ed n\u00e1stroje pro jeho v\u00fdb\u011br, tak\u017ee p\u0159i n\u00e1vratu na str\u00e1nku se tato zobraz\u00ed ve zvolen\u00e9m jazyce.<\/span><\/p>\n<p>&nbsp;<\/p>\n<p><span>Doba uchov\u00e1n\u00ed \u2013 1 den.<\/span><\/p>\n<\/td>\n<\/tr>\n<tr>\n<td style=\"width: 33.3333%;\"><span>Universal Analytics (Google)<\/span><\/td>\n<td style=\"width: 33.3333%;\"><span>_ga<\/span><\/td>\n<td style=\"width: 33.3333%;\">\n<p><span>Tyto cookies se pou\u017e\u00edvaj\u00ed ke shroma\u017e\u010fov\u00e1n\u00ed informac\u00ed o tom, jak n\u00e1v\u0161t\u011bvn\u00edci pou\u017e\u00edvaj\u00ed na\u0161\u00ed webovou str\u00e1nku. Tyto informace pou\u017e\u00edv\u00e1me k sestavov\u00e1n\u00ed zpr\u00e1v a pom\u00e1haj\u00ed n\u00e1m zlep\u0161ovat na\u0161i webovou str\u00e1nku. Soubory cookies shroma\u017e\u010fuj\u00ed informace zp\u016fsobem, kter\u00fd nikoho p\u0159\u00edmo neidentifikuje, v\u010detn\u011b informac\u00ed o po\u010dtu n\u00e1v\u0161t\u011bvn\u00edk\u016f na\u0161\u00ed webov\u00e9 str\u00e1nky, odkud n\u00e1v\u0161t\u011bvn\u00edci p\u0159i\u0161li a str\u00e1nky, kter\u00e9 nav\u0161t\u00edvili.<\/span><\/p>\n<p><strong><a href=\"https:\/\/support.google.com\/analytics\/answer\/6004245.\">P\u0159e\u010dti si p\u0159ehled spole\u010dnosti Google ohledn\u011b ochrany soukrom\u00ed a dat.<\/a><\/strong><span style=\"color: #3366ff;\"><strong><\/strong><\/span><\/p>\n<\/td>\n<\/tr>\n<tr>\n<td style=\"width: 33.3333%;\"><span>Complianz<\/span><\/td>\n<td style=\"width: 33.3333%;\"><span>cmplz_banner-status<\/span><\/td>\n<td style=\"width: 33.3333%;\"><span>Pou\u017e\u00edv\u00e1me\u00a0<i>Complianz<\/i>\u00a0pro spr\u00e1vu cookie li\u0161ty.<br \/>Doba uchov\u00e1v\u00e1n\u00ed \u2013 365 dn\u00ed.<br \/><\/span><\/td>\n<\/tr>\n<\/tbody>\n<\/table>\n<p>[\/et_pb_text][\/et_pb_column][\/et_pb_row][et_pb_row _builder_version=&#8220;4.19.4&#8243; _module_preset=&#8220;default&#8220; global_colors_info=&#8220;{}&#8220;][et_pb_column type=&#8220;4_4&#8243; _builder_version=&#8220;4.19.4&#8243; _module_preset=&#8220;default&#8220; global_colors_info=&#8220;{}&#8220;][et_pb_accordion open_toggle_text_color=&#8220;#FFFFFF&#8220; open_toggle_background_color=&#8220;#0b2c50&#8243; closed_toggle_background_color=&#8220;#0b2c50&#8243; use_icon_font_size=&#8220;on&#8220; icon_font_size=&#8220;18px&#8220; _builder_version=&#8220;4.19.4&#8243; _module_preset=&#8220;default&#8220; toggle_text_color=&#8220;rgba(255,255,255,0.83)&#8220; toggle_font=&#8220;Roboto|700||on|||||&#8220; toggle_font_size=&#8220;20px&#8220; closed_toggle_font=&#8220;Roboto||||||||&#8220; body_font=&#8220;Roboto||||||||&#8220; body_text_color=&#8220;#FFFFFF&#8220; body_font_size=&#8220;18px&#8220; custom_margin=&#8220;20px||||false|false&#8220; hover_enabled=&#8220;0&#8243; border_radii=&#8220;on|20px|20px|20px|20px&#8220; global_colors_info=&#8220;{}&#8220; sticky_enabled=&#8220;0&#8243;][et_pb_accordion_item title=&#8220;ANALYTICK\u00c9 COOKIES&#8220; _builder_version=&#8220;4.19.4&#8243; _module_preset=&#8220;default&#8220; hover_enabled=&#8220;0&#8243; global_colors_info=&#8220;{}&#8220; open=&#8220;off&#8220; sticky_enabled=&#8220;0&#8243;]<\/p>\n<p><span>Pou\u017e\u00edv\u00e1me cookies slu\u017eby\u00a0<\/span><i><span>Google Analytics<\/span><\/i><span>, kter\u00e9 n\u00e1m pom\u00e1haj\u00ed zlep\u0161ovat na\u0161i webovou str\u00e1nku t\u00edm, \u017ee shroma\u017e\u010fujeme a reportujeme informace o tom, jak ji pou\u017e\u00edv\u00e1\u0161. \u00dadaje jsou shroma\u017e\u010fov\u00e1ny zp\u016fsobem, kter\u00fd nikoho p\u0159\u00edmo neidentifikuje.\u00a0Sv\u00e9 p\u0159edvolby ohledn\u011b analytick\u00fdch cookies m\u016f\u017ee\u0161 kdykoliv zm\u011bnit kliknut\u00edm na\u00a0<\/span><i><span>Cookie li\u0161tu<\/span><\/i><span>\u00a0<\/span><span>um\u00edst\u011bnou v\u00a0prav\u00e9m doln\u00edm rohu na\u0161\u00ed webov\u00e9 str\u00e1nky, a to pomoc\u00ed posuvn\u00e9ho tla\u010d\u00edtka \u201eZapnuto\u201c nebo \u201eVypnuto\u201c, n\u00e1sledn\u011b m\u016f\u017ee\u0161 svou volbu potvrdit a cookie li\u0161tu zav\u0159\u00edt. Mo\u017en\u00e1 bude\u0161 muset str\u00e1nku aktualizovat, aby se nastaven\u00ed projevilo.\u00a0<\/span><\/p>\n<p>[\/et_pb_accordion_item][et_pb_accordion_item title=&#8220;NEVYHNUTN\u00c9 COOKIES&#8220; open=&#8220;on&#8220; _builder_version=&#8220;4.19.4&#8243; _module_preset=&#8220;default&#8220; hover_enabled=&#8220;0&#8243; global_colors_info=&#8220;{}&#8220; sticky_enabled=&#8220;0&#8243;]<\/p>\n<p><span>Nezbytn\u00e9 cookies umo\u017e\u0148uj\u00ed z\u00e1kladn\u00ed funkce jako zabezpe\u010den\u00ed, spr\u00e1va s\u00edt\u011b, navigace na str\u00e1nce a dostupnost. Tyto \u00fadaje zpracov\u00e1v\u00e1me na z\u00e1klad\u011b ust. \u00a7 89 odst. 3 z\u00e1kona \u010d. 127\/2005 Sb., o<\/span><span>\u00a0<\/span><span>elektronick\u00fdch komunikac\u00edch ve zn\u011bn\u00ed pozd\u011bj\u0161\u00edch p\u0159edpis\u016f. Bez t\u011bchto technick\u00fdch cookies nem\u016f\u017ee na\u0161e webov\u00e1 str\u00e1nka spr\u00e1vn\u011b fungovat, tak\u017ee je mus\u00ed\u0161 p\u0159ijmout. Tyto cookies neobsahuj\u00ed \u017e\u00e1dn\u00e9 osobn\u00ed \u00fadaje podle \u010dl. 4 (1) GDPR a nem\u016f\u017ee\u0161 b\u00fdt na jejich z\u00e1klad\u011b identifikov\u00e1n na webov\u00fdch str\u00e1nk\u00e1ch t\u0159et\u00edch stran \u2013 v\u010d. web\u016f poskytovatel\u016f analytick\u00fdch slu\u017eeb. \u00dadaje nebudou sd\u00edleny s t\u0159et\u00edmi stranami ani p\u0159ed\u00e1v\u00e1ny t\u0159et\u00edm zem\u00edm\/mezin\u00e1rodn\u00edm organizac\u00edm. Cookies m\u016f\u017ee\u0161 zak\u00e1zat zm\u011bnou nastaven\u00ed prohl\u00ed\u017ee\u010de, co\u017e ale m\u016f\u017ee ovlivnit fungov\u00e1n\u00ed webov\u00fdch str\u00e1nek.<\/span><\/p>\n<p><span>V\u011bt\u0161ina webov\u00fdch prohl\u00ed\u017ee\u010d\u016f umo\u017e\u0148uje ur\u010ditou kontrolu soubor\u016f cookies prost\u0159ednictv\u00edm nastaven\u00ed prohl\u00ed\u017ee\u010de. Chce\u0161-li se dozv\u011bd\u011bt v\u00edce o\u00a0<\/span><span>souborech cookies nav\u0161tiv\u00a0<\/span><a href=\"http:\/\/www.aboutcookies.org\/\"><i><span>www.aboutcookies.org<\/span><\/i><\/a><span>\u00a0nebo\u00a0<\/span><a href=\"http:\/\/www.allaboutcookies.org\/\"><i><span>www.allaboutcookies.org<\/span><\/i><\/a><i><span>.<\/span><\/i><\/p>\n<p><span>Zjisti, jak spravovat soubory cookies v r\u00e1mci obl\u00edben\u00fdch webov\u00fdch prohl\u00ed\u017ee\u010d\u016f:<\/span><\/p>\n<ul>\n<li aria-level=\"1\"><a href=\"https:\/\/support.google.com\/accounts\/answer\/61416?co=GENIE.Platform=Desktop&amp;hl=en\"><span>Google Chrome<\/span><\/a><\/li>\n<li aria-level=\"1\"><a href=\"https:\/\/privacy.microsoft.com\/en-us\/windows-10-microsoft-edge-and-privacy\"><span>Microsoft Edge<\/span><\/a><\/li>\n<li aria-level=\"1\"><a href=\"https:\/\/support.mozilla.org\/en-US\/kb\/enable-and-disable-cookies-website-preferences\"><span>Mozilla Firefox<\/span><\/a><\/li>\n<li aria-level=\"1\"><a href=\"https:\/\/support.microsoft.com\/en-gb\/help\/17442\/windows-internet-explorer-delete-manage-cookies\"><span>Microsoft Internet Explorer<\/span><\/a><\/li>\n<li aria-level=\"1\"><a href=\"https:\/\/www.opera.com\/help\/tutorials\/security\/privacy\/\"><span>Opera<\/span><\/a><\/li>\n<li aria-level=\"1\"><a href=\"https:\/\/support.apple.com\/en-gb\/safari\"><span>Apple Safari<\/span><\/a><\/li>\n<\/ul>\n<p><span>Chce\u0161-li naj\u00edt informace t\u00fdkaj\u00edc\u00ed se jin\u00fdch prohl\u00ed\u017ee\u010d\u016f, nav\u0161tiv webov\u00e9 str\u00e1nky v\u00fdvoj\u00e1\u0159e dan\u00e9ho prohl\u00ed\u017ee\u010de.<\/span><\/p>\n<p><span>Chce\u0161-li se odhl\u00e1sit ze sledov\u00e1n\u00ed slu\u017ebou\u00a0<\/span><i><span>Google Analytics<\/span><\/i><span>\u00a0na v\u0161ech webov\u00fdch str\u00e1nk\u00e1ch, nav\u0161tiv\u00a0<\/span><a href=\"http:\/\/tools.google.com\/dlpage\/gaoptout\"><i><span>http:\/\/tools.google.com\/dlpage\/gaoptout.<\/span><\/i><\/a><\/p>\n<h2><\/h2>\n<p><span>V p\u0159\u00edpad\u011b dal\u0161\u00edch dotaz\u016f n\u00e1s kontaktuj na\u00a0<\/span><a href=\"mailto:info@bitesofprague.com\"><span>info@bitesofprague.com<\/span><\/a><span>.<\/span><\/p>\n<p>[\/et_pb_accordion_item][\/et_pb_accordion][\/et_pb_column][\/et_pb_row][et_pb_row _builder_version=&#8220;4.19.4&#8243; _module_preset=&#8220;default&#8220; global_colors_info=&#8220;{}&#8220;][et_pb_column type=&#8220;4_4&#8243; _builder_version=&#8220;4.19.4&#8243; _module_preset=&#8220;default&#8220; global_colors_info=&#8220;{}&#8220;][et_pb_cta title=&#8220;Tyto z\u00e1sady pro zpracov\u00e1n\u00ed cookies byly aktualizov\u00e1ny 26.3.2023.&#8220; button_text=&#8220; &#8220; _builder_version=&#8220;4.19.4&#8243; _module_preset=&#8220;default&#8220; header_font=&#8220;Roboto|700||on|||||&#8220; custom_margin=&#8220;20px||||false|false&#8220; hover_enabled=&#8220;0&#8243; border_radii=&#8220;on|20px|20px|20px|20px&#8220; global_colors_info=&#8220;{}&#8220; sticky_enabled=&#8220;0&#8243;][\/et_pb_cta][\/et_pb_column][\/et_pb_row][\/et_pb_section]<\/p>\n","protected":false},"excerpt":{"rendered":"<p>Z\u00c1SADY PRO ZPRACOV\u00c1N\u00cd COOKIES Cookies jsou mal\u00e9 textov\u00e9 soubory, kter\u00e9 nav\u0161t\u00edven\u00e9 webov\u00e9 str\u00e1nky ukl\u00e1daj\u00ed do tv\u00e9ho po\u010d\u00edta\u010de. Jsou pou\u017e\u00edv\u00e1ny na to, aby webov\u00e9 str\u00e1nky spr\u00e1vn\u011b fungovaly, resp. fungovaly efektivn\u011bji, a slou\u017e\u00ed tak\u00e9 k poskytov\u00e1n\u00ed nevyhnutn\u00fdch informac\u00ed majitel\u016fm webov\u00fdch str\u00e1nek. N\u00ed\u017ee uveden\u00e1 tabulka vysv\u011btluje, jak\u00e9 soubory cookies pou\u017e\u00edv\u00e1me my a z\u00a0jak\u00e9ho d\u016fvodu. Cookie N\u00e1zev \u00da\u010del Preference [&hellip;]<\/p>\n","protected":false},"author":1,"featured_media":0,"parent":0,"menu_order":0,"comment_status":"closed","ping_status":"closed","template":"","meta":{"_acf_changed":false,"_et_pb_use_builder":"on","_et_pb_old_content":"","_et_gb_content_width":"","footnotes":""},"class_list":["post-1221","page","type-page","status-publish","hentry"],"acf":[],"_links":{"self":[{"href":"https:\/\/www.bitesofprague.com\/cs\/wp-json\/wp\/v2\/pages\/1221","targetHints":{"allow":["GET"]}}],"collection":[{"href":"https:\/\/www.bitesofprague.com\/cs\/wp-json\/wp\/v2\/pages"}],"about":[{"href":"https:\/\/www.bitesofprague.com\/cs\/wp-json\/wp\/v2\/types\/page"}],"author":[{"embeddable":true,"href":"https:\/\/www.bitesofprague.com\/cs\/wp-json\/wp\/v2\/users\/1"}],"replies":[{"embeddable":true,"href":"https:\/\/www.bitesofprague.com\/cs\/wp-json\/wp\/v2\/comments?post=1221"}],"version-history":[{"count":1,"href":"https:\/\/www.bitesofprague.com\/cs\/wp-json\/wp\/v2\/pages\/1221\/revisions"}],"predecessor-version":[{"id":1236,"href":"https:\/\/www.bitesofprague.com\/cs\/wp-json\/wp\/v2\/pages\/1221\/revisions\/1236"}],"wp:attachment":[{"href":"https:\/\/www.bitesofprague.com\/cs\/wp-json\/wp\/v2\/media?parent=1221"}],"curies":[{"name":"wp","href":"https:\/\/api.w.org\/{rel}","templated":true}]}}